{"id":25,"date":"2025-02-24T19:10:25","date_gmt":"2025-02-24T18:10:25","guid":{"rendered":"https:\/\/eigsiformulateam.fr\/?page_id=25"},"modified":"2025-11-09T14:52:29","modified_gmt":"2025-11-09T13:52:29","slug":"nous-soutenir","status":"publish","type":"page","link":"https:\/\/eigsiformulateam.fr\/index.php\/nous-soutenir\/","title":{"rendered":"Nous soutenir"},"content":{"rendered":"\t\t<div data-elementor-type=\"wp-page\" data-elementor-id=\"25\" class=\"elementor elementor-25\">\n\t\t\t\t<div class=\"elementor-element elementor-element-a1d4a0d e-flex e-con-boxed e-con e-parent\" data-id=\"a1d4a0d\" data-element_type=\"container\" data-e-type=\"container\">\n\t\t\t\t\t<div class=\"e-con-inner\">\n\t\t\t\t<div class=\"elementor-element elementor-element-0ca276e elementor-widget-divider--view-line elementor-widget elementor-widget-divider\" data-id=\"0ca276e\" data-element_type=\"widget\" data-e-type=\"widget\" data-widget_type=\"divider.default\">\n\t\t\t\t<div class=\"elementor-widget-container\">\n\t\t\t\t\t\t\t<div class=\"elementor-divider\">\n\t\t\t<span class=\"elementor-divider-separator\">\n\t\t\t\t\t\t<\/span>\n\t\t<\/div>\n\t\t\t\t\t\t<\/div>\n\t\t\t\t<\/div>\n\t\t\t\t\t<\/div>\n\t\t\t\t<\/div>\n\t\t<div class=\"elementor-element elementor-element-8d10ee4 e-flex e-con-boxed e-con e-parent\" data-id=\"8d10ee4\" data-element_type=\"container\" data-e-type=\"container\">\n\t\t\t\t\t<div class=\"e-con-inner\">\n\t\t\t\t<div class=\"elementor-element elementor-element-36a3c96 elementor-widget elementor-widget-heading\" data-id=\"36a3c96\" data-element_type=\"widget\" data-e-type=\"widget\" data-widget_type=\"heading.default\">\n\t\t\t\t<div class=\"elementor-widget-container\">\n\t\t\t\t\t<h2 class=\"elementor-heading-title elementor-size-default\">DEVENEZ PARTENAIRE DE L'EIGSI FORMULA TEAM<\/h2>\t\t\t\t<\/div>\n\t\t\t\t<\/div>\n\t\t\t\t<div class=\"elementor-element elementor-element-e724c1c elementor-widget elementor-widget-text-editor\" data-id=\"e724c1c\" data-element_type=\"widget\" data-e-type=\"widget\" data-widget_type=\"text-editor.default\">\n\t\t\t\t<div class=\"elementor-widget-container\">\n\t\t\t\t\t\t\t\t\t<p style=\"text-align: center;\">Valorisez votre entreprise dans un projet d\u2019innovation, d\u2019ing\u00e9nierie et de comp\u00e9tition internationale.<\/p>\t\t\t\t\t\t\t\t<\/div>\n\t\t\t\t<\/div>\n\t\t\t\t\t<\/div>\n\t\t\t\t<\/div>\n\t\t<div class=\"elementor-element elementor-element-7f7de27 e-flex e-con-boxed e-con e-parent\" data-id=\"7f7de27\" data-element_type=\"container\" data-e-type=\"container\">\n\t\t\t\t\t<div class=\"e-con-inner\">\n\t\t\t\t<div class=\"elementor-element elementor-element-8d43b71 elementor-widget-divider--view-line elementor-widget elementor-widget-divider\" data-id=\"8d43b71\" data-element_type=\"widget\" data-e-type=\"widget\" data-widget_type=\"divider.default\">\n\t\t\t\t<div class=\"elementor-widget-container\">\n\t\t\t\t\t\t\t<div class=\"elementor-divider\">\n\t\t\t<span class=\"elementor-divider-separator\">\n\t\t\t\t\t\t<\/span>\n\t\t<\/div>\n\t\t\t\t\t\t<\/div>\n\t\t\t\t<\/div>\n\t\t\t\t<div class=\"elementor-element elementor-element-899f971 elementor-widget elementor-widget-text-editor\" data-id=\"899f971\" data-element_type=\"widget\" data-e-type=\"widget\" data-widget_type=\"text-editor.default\">\n\t\t\t\t<div class=\"elementor-widget-container\">\n\t\t\t\t\t\t\t\t\t<p>L\u2019EIGSI Formula Team est constamment en qu\u00eate de <strong>partenariats<\/strong> pour mener \u00e0 bien son projet et participer \u00e0 la <strong>Formula Student UK<\/strong>. Afin d\u2019atteindre notre objectif et d\u2019amener une voiture performante \u00e0 la comp\u00e9tition, nous devons rassembler plus de <strong>47 000\u20ac<\/strong>. Pour cela, nous avons con\u00e7u <strong>3 offres d\u00e9di\u00e9es aux professionnels<\/strong>, r\u00e9pondant \u00e0 leurs besoins sp\u00e9cifiques tout en offrant une <strong>visibilit\u00e9 internationale<\/strong>. En devenant partenaire, vous int\u00e9grez un r\u00e9seau \u00e9tudiant de <strong>1600 ing\u00e9nieurs<\/strong> et plus de <strong>10 000 Alumni<\/strong>, renfor\u00e7ant ainsi vos liens avec les futurs talents de l\u2019industrie. Ces partenariats permettent de soutenir notre \u00e9quipe tout en b\u00e9n\u00e9ficiant d\u2019une grande visibilit\u00e9 au sein de l\u2019industrie automobile et au-del\u00e0. <strong>Attention dans le cadre d&#8217;un partenariat (un donc avec contrepartie), celui-ci ne peut \u00eatre d\u00e9fiscalisable.<\/strong><\/p>\t\t\t\t\t\t\t\t<\/div>\n\t\t\t\t<\/div>\n\t\t\t\t\t<\/div>\n\t\t\t\t<\/div>\n\t\t<div class=\"elementor-element elementor-element-c549799 e-flex e-con-boxed e-con e-parent\" data-id=\"c549799\" data-element_type=\"container\" data-e-type=\"container\">\n\t\t\t\t\t<div class=\"e-con-inner\">\n\t\t\t\t<div class=\"elementor-element elementor-element-27d59ae elementor-widget elementor-widget-video\" data-id=\"27d59ae\" data-element_type=\"widget\" data-e-type=\"widget\" data-settings=\"{&quot;video_type&quot;:&quot;hosted&quot;,&quot;autoplay&quot;:&quot;yes&quot;,&quot;play_on_mobile&quot;:&quot;yes&quot;,&quot;mute&quot;:&quot;yes&quot;,&quot;loop&quot;:&quot;yes&quot;,&quot;controls&quot;:&quot;yes&quot;}\" data-widget_type=\"video.default\">\n\t\t\t\t<div class=\"elementor-widget-container\">\n\t\t\t\t\t\t\t<div class=\"e-hosted-video elementor-wrapper elementor-open-inline\">\n\t\t\t\t\t<video class=\"elementor-video\" src=\"http:\/\/eigsiformulateam.fr\/wp-content\/uploads\/2025\/05\/video-presentation-CAO-03-05.mp4\" autoplay=\"\" loop=\"\" controls=\"\" muted=\"muted\" playsinline=\"\" controlsList=\"nodownload\"><\/video>\n\t\t\t\t<\/div>\n\t\t\t\t\t\t<\/div>\n\t\t\t\t<\/div>\n\t\t\t\t\t<\/div>\n\t\t\t\t<\/div>\n\t\t<div class=\"elementor-element elementor-element-3734023 e-flex e-con-boxed e-con e-parent\" data-id=\"3734023\" data-element_type=\"container\" data-e-type=\"container\">\n\t\t\t\t\t<div class=\"e-con-inner\">\n\t\t\t\t<div class=\"elementor-element elementor-element-b160625 elementor-widget-divider--view-line elementor-widget elementor-widget-divider\" data-id=\"b160625\" data-element_type=\"widget\" data-e-type=\"widget\" data-widget_type=\"divider.default\">\n\t\t\t\t<div class=\"elementor-widget-container\">\n\t\t\t\t\t\t\t<div class=\"elementor-divider\">\n\t\t\t<span class=\"elementor-divider-separator\">\n\t\t\t\t\t\t<\/span>\n\t\t<\/div>\n\t\t\t\t\t\t<\/div>\n\t\t\t\t<\/div>\n\t\t\t\t\t<\/div>\n\t\t\t\t<\/div>\n\t\t<div class=\"elementor-element elementor-element-4a9c7b2 e-flex e-con-boxed e-con e-parent\" data-id=\"4a9c7b2\" data-element_type=\"container\" data-e-type=\"container\">\n\t\t\t\t\t<div class=\"e-con-inner\">\n\t\t\t\t<div class=\"elementor-element elementor-element-ad7f52e elementor-widget elementor-widget-heading\" data-id=\"ad7f52e\" data-element_type=\"widget\" data-e-type=\"widget\" data-widget_type=\"heading.default\">\n\t\t\t\t<div class=\"elementor-widget-container\">\n\t\t\t\t\t<h2 class=\"elementor-heading-title elementor-size-default\">PARTICIPEZ A NOTRE CAGNOTTE<\/h2>\t\t\t\t<\/div>\n\t\t\t\t<\/div>\n\t\t\t\t\t<\/div>\n\t\t\t\t<\/div>\n\t\t<div class=\"elementor-element elementor-element-ea4b0ff e-flex e-con-boxed e-con e-parent\" data-id=\"ea4b0ff\" data-element_type=\"container\" data-e-type=\"container\">\n\t\t\t\t\t<div class=\"e-con-inner\">\n\t\t<div class=\"elementor-element elementor-element-43749e0 e-con-full e-flex e-con e-child\" data-id=\"43749e0\" data-element_type=\"container\" data-e-type=\"container\">\n\t\t\t\t<div class=\"elementor-element elementor-element-0de69ba elementor-widget elementor-widget-text-editor\" data-id=\"0de69ba\" data-element_type=\"widget\" data-e-type=\"widget\" data-widget_type=\"text-editor.default\">\n\t\t\t\t<div class=\"elementor-widget-container\">\n\t\t\t\t\t\t\t\t\t<p><strong>Soutenez notre projet et participez \u00e0 notre aventure !<\/strong><\/p><p>Nous avons lanc\u00e9 une <strong>cagnotte<\/strong> pour financer notre participation \u00e0 la <strong>Formula Student UK<\/strong> et donner vie \u00e0 notre monoplace. Chaque contribution, petite ou grande, fait une r\u00e9elle diff\u00e9rence et nous rapproche de notre objectif.<\/p><p><strong>Pourquoi nous soutenir ?<\/strong><\/p><ul><li>Permettre la <strong>r\u00e9alisation d&#8217;une voiture de comp\u00e9tition<\/strong> innovante<\/li><li>Contribuer \u00e0 la <strong>formation des futurs ing\u00e9nieurs<\/strong><\/li><li>\u00catre acteur d&#8217;un <strong>projet passionn\u00e9 et ambitieux<\/strong><\/li><\/ul><p><strong>Rejoignez-nous dans cette aventure<\/strong> et faites partie de notre succ\u00e8s ! Merci pour votre soutien !<\/p>\t\t\t\t\t\t\t\t<\/div>\n\t\t\t\t<\/div>\n\t\t\t\t<div class=\"elementor-element elementor-element-84cce22 elementor-align-center elementor-widget elementor-widget-button\" data-id=\"84cce22\" data-element_type=\"widget\" data-e-type=\"widget\" data-widget_type=\"button.default\">\n\t\t\t\t<div class=\"elementor-widget-container\">\n\t\t\t\t\t\t\t\t\t<div class=\"elementor-button-wrapper\">\n\t\t\t\t\t<a class=\"elementor-button elementor-button-link elementor-size-sm\" href=\"https:\/\/www.helloasso.com\/associations\/esep-eigsi\/collectes\/crowfunding-eigsi-formula-team-partie-2\">\n\t\t\t\t\t\t<span class=\"elementor-button-content-wrapper\">\n\t\t\t\t\t\t<span class=\"elementor-button-icon\">\n\t\t\t\t<svg aria-hidden=\"true\" class=\"e-font-icon-svg e-fas-money-check\" viewBox=\"0 0 640 512\" xmlns=\"http:\/\/www.w3.org\/2000\/svg\"><path d=\"M0 448c0 17.67 14.33 32 32 32h576c17.67 0 32-14.33 32-32V128H0v320zm448-208c0-8.84 7.16-16 16-16h96c8.84 0 16 7.16 16 16v32c0 8.84-7.16 16-16 16h-96c-8.84 0-16-7.16-16-16v-32zm0 120c0-4.42 3.58-8 8-8h112c4.42 0 8 3.58 8 8v16c0 4.42-3.58 8-8 8H456c-4.42 0-8-3.58-8-8v-16zM64 264c0-4.42 3.58-8 8-8h304c4.42 0 8 3.58 8 8v16c0 4.42-3.58 8-8 8H72c-4.42 0-8-3.58-8-8v-16zm0 96c0-4.42 3.58-8 8-8h176c4.42 0 8 3.58 8 8v16c0 4.42-3.58 8-8 8H72c-4.42 0-8-3.58-8-8v-16zM624 32H16C7.16 32 0 39.16 0 48v48h640V48c0-8.84-7.16-16-16-16z\"><\/path><\/svg>\t\t\t<\/span>\n\t\t\t\t\t\t\t\t\t<span class=\"elementor-button-text\">Notre cagnotte<\/span>\n\t\t\t\t\t<\/span>\n\t\t\t\t\t<\/a>\n\t\t\t\t<\/div>\n\t\t\t\t\t\t\t\t<\/div>\n\t\t\t\t<\/div>\n\t\t\t\t<\/div>\n\t\t\t\t\t<\/div>\n\t\t\t\t<\/div>\n\t\t<div class=\"elementor-element elementor-element-8730a82 e-flex e-con-boxed e-con e-parent\" data-id=\"8730a82\" data-element_type=\"container\" data-e-type=\"container\">\n\t\t\t\t\t<div class=\"e-con-inner\">\n\t\t\t\t<div class=\"elementor-element elementor-element-8f2896f elementor-widget-divider--view-line elementor-widget elementor-widget-divider\" data-id=\"8f2896f\" data-element_type=\"widget\" data-e-type=\"widget\" data-widget_type=\"divider.default\">\n\t\t\t\t<div class=\"elementor-widget-container\">\n\t\t\t\t\t\t\t<div class=\"elementor-divider\">\n\t\t\t<span class=\"elementor-divider-separator\">\n\t\t\t\t\t\t<\/span>\n\t\t<\/div>\n\t\t\t\t\t\t<\/div>\n\t\t\t\t<\/div>\n\t\t\t\t<div class=\"elementor-element elementor-element-4c1c07f elementor-widget elementor-widget-heading\" data-id=\"4c1c07f\" data-element_type=\"widget\" data-e-type=\"widget\" data-widget_type=\"heading.default\">\n\t\t\t\t<div class=\"elementor-widget-container\">\n\t\t\t\t\t<h2 class=\"elementor-heading-title elementor-size-default\">CONTACTEZ-NOUS<\/h2>\t\t\t\t<\/div>\n\t\t\t\t<\/div>\n\t\t\t\t\t<\/div>\n\t\t\t\t<\/div>\n\t\t<div class=\"elementor-element elementor-element-1061f4e e-flex e-con-boxed e-con e-parent\" data-id=\"1061f4e\" data-element_type=\"container\" data-e-type=\"container\">\n\t\t\t\t\t<div class=\"e-con-inner\">\n\t\t\t\t<div class=\"elementor-element elementor-element-7d6b894 elementor-widget elementor-widget-text-editor\" data-id=\"7d6b894\" data-element_type=\"widget\" data-e-type=\"widget\" data-widget_type=\"text-editor.default\">\n\t\t\t\t<div class=\"elementor-widget-container\">\n\t\t\t\t\t\t\t\t\t<p>Si nos offres vous int\u00e9ressent, n\u2019h\u00e9sitez pas \u00e0 <strong>contacter notre \u00e9quipe communication<\/strong> pour obtenir un dossier de <strong>sponsoring complet<\/strong> et r\u00e9pondre \u00e0 toutes vos interrogations. Nous serons ravis de vous fournir toutes les informations n\u00e9cessaires et de discuter des diff\u00e9rentes possibilit\u00e9s de collaboration !<\/p><p><a href=\"mailto:communication@eigsiformulateam.fr\"><strong>communication@eigsiformulateam.fr<\/strong><\/a><\/p>\t\t\t\t\t\t\t\t<\/div>\n\t\t\t\t<\/div>\n\t\t\t\t\t<\/div>\n\t\t\t\t<\/div>\n\t\t\t\t<\/div>\n\t\t","protected":false},"excerpt":{"rendered":"<p>DEVENEZ PARTENAIRE DE L&#8217;EIGSI FORMULA TEAM Valorisez votre entreprise dans un projet d\u2019innovation, d\u2019ing\u00e9nierie et de comp\u00e9tition internationale. L\u2019EIGSI Formula Team est constamment en qu\u00eate de partenariats pour mener \u00e0 bien son projet et participer \u00e0 la Formula Student UK. Afin d\u2019atteindre notre objectif et d\u2019amener une voiture performante \u00e0 la comp\u00e9tition, nous devons rassembler &hellip; <\/p>\n<p class=\"link-more\"><a href=\"https:\/\/eigsiformulateam.fr\/index.php\/nous-soutenir\/\" class=\"more-link\">Read more<span class=\"screen-reader-text\"> &#8220;Nous soutenir&#8221;<\/span><\/a><\/p>\n","protected":false},"author":1,"featured_media":0,"parent":0,"menu_order":0,"comment_status":"closed","ping_status":"closed","template":"","meta":{"footnotes":""},"class_list":["post-25","page","type-page","status-publish","hentry"],"_links":{"self":[{"href":"https:\/\/eigsiformulateam.fr\/index.php\/wp-json\/wp\/v2\/pages\/25","targetHints":{"allow":["GET"]}}],"collection":[{"href":"https:\/\/eigsiformulateam.fr\/index.php\/wp-json\/wp\/v2\/pages"}],"about":[{"href":"https:\/\/eigsiformulateam.fr\/index.php\/wp-json\/wp\/v2\/types\/page"}],"author":[{"embeddable":true,"href":"https:\/\/eigsiformulateam.fr\/index.php\/wp-json\/wp\/v2\/users\/1"}],"replies":[{"embeddable":true,"href":"https:\/\/eigsiformulateam.fr\/index.php\/wp-json\/wp\/v2\/comments?post=25"}],"version-history":[{"count":47,"href":"https:\/\/eigsiformulateam.fr\/index.php\/wp-json\/wp\/v2\/pages\/25\/revisions"}],"predecessor-version":[{"id":1280,"href":"https:\/\/eigsiformulateam.fr\/index.php\/wp-json\/wp\/v2\/pages\/25\/revisions\/1280"}],"wp:attachment":[{"href":"https:\/\/eigsiformulateam.fr\/index.php\/wp-json\/wp\/v2\/media?parent=25"}],"curies":[{"name":"wp","href":"https:\/\/api.w.org\/{rel}","templated":true}]}}